{"id":306,"date":"2025-12-01T22:57:31","date_gmt":"2025-12-01T21:57:31","guid":{"rendered":"https:\/\/www.pastrnakart.sk\/index.php\/contact\/"},"modified":"2026-01-13T15:09:20","modified_gmt":"2026-01-13T14:09:20","slug":"kontakt","status":"publish","type":"page","link":"https:\/\/www.pastrnakart.sk\/index.php\/kontakt\/","title":{"rendered":"Kontakt"},"content":{"rendered":"\t\t<div data-elementor-type=\"wp-page\" data-elementor-id=\"306\" class=\"elementor elementor-306\" data-elementor-post-type=\"page\">\n\t\t\t\t<div class=\"elementor-element elementor-element-67e72adc e-con-full e-flex e-con e-parent\" data-id=\"67e72adc\" data-element_type=\"container\" data-settings=\"{&quot;background_background&quot;:&quot;classic&quot;}\">\n\t\t<div class=\"elementor-element elementor-element-70e2a810 e-con-full e-flex e-con e-child\" data-id=\"70e2a810\" data-element_type=\"container\" data-settings=\"{&quot;background_background&quot;:&quot;classic&quot;}\">\n\t\t\t\t<\/div>\n\t\t<div class=\"elementor-element elementor-element-73b436f6 e-con-full e-flex e-con e-child\" data-id=\"73b436f6\" data-element_type=\"container\" data-settings=\"{&quot;background_background&quot;:&quot;classic&quot;}\">\n\t\t\t\t<div class=\"elementor-element elementor-element-1374b3a8 elementor-widget__width-initial elementor-invisible elementor-widget elementor-widget-heading\" data-id=\"1374b3a8\" data-element_type=\"widget\" data-settings=\"{&quot;_animation&quot;:&quot;fadeIn&quot;}\" data-widget_type=\"heading.default\">\n\t\t\t\t\t<h1 class=\"elementor-heading-title elementor-size-default\">rada sa o v\u00e1s dozviem viac<\/h1>\t\t\t\t<\/div>\n\t\t<div class=\"elementor-element elementor-element-6c868c90 e-con-full e-flex e-con e-child\" data-id=\"6c868c90\" data-element_type=\"container\">\n\t\t\t\t<div class=\"elementor-element elementor-element-65af77ff elementor-widget__width-inherit elementor-invisible elementor-widget elementor-widget-text-editor\" data-id=\"65af77ff\" data-element_type=\"widget\" data-settings=\"{&quot;_animation&quot;:&quot;fadeIn&quot;,&quot;_animation_delay&quot;:&quot;200&quot;}\" data-widget_type=\"text-editor.default\">\n\t\t\t\t\t\t\t\t\t<p>Ak v\u00e1s zaujalo nie\u010do z mojej tvorby alebo by ste radi nadviazali spolupr\u00e1cu, nev\u00e1hajte ma kontaktova\u0165. Nikdy nevieme, \u010do z toho vznikne, pr\u00edpadne si d\u00e1me spolu pr\u00edjemn\u00fa k\u00e1vi\u010dku.\u00a0<\/p>\t\t\t\t\t\t\t\t<\/div>\n\t\t\t\t<div class=\"elementor-element elementor-element-195d6145 elementor-align-left elementor-mobile-align-center elementor-icon-list--layout-traditional elementor-list-item-link-full_width elementor-widget elementor-widget-icon-list\" data-id=\"195d6145\" data-element_type=\"widget\" data-widget_type=\"icon-list.default\">\n\t\t\t\t\t\t\t<ul class=\"elementor-icon-list-items\">\n\t\t\t\t\t\t\t<li class=\"elementor-icon-list-item\">\n\t\t\t\t\t\t\t\t\t\t\t<a href=\"tel:315-369-5472\">\n\n\t\t\t\t\t\t\t\t\t\t\t\t<span class=\"elementor-icon-list-icon\">\n\t\t\t\t\t\t\t<svg aria-hidden=\"true\" class=\"e-font-icon-svg e-fas-phone-alt\" viewBox=\"0 0 512 512\" xmlns=\"http:\/\/www.w3.org\/2000\/svg\"><path d=\"M497.39 361.8l-112-48a24 24 0 0 0-28 6.9l-49.6 60.6A370.66 370.66 0 0 1 130.6 204.11l60.6-49.6a23.94 23.94 0 0 0 6.9-28l-48-112A24.16 24.16 0 0 0 122.6.61l-104 24A24 24 0 0 0 0 48c0 256.5 207.9 464 464 464a24 24 0 0 0 23.4-18.6l24-104a24.29 24.29 0 0 0-14.01-27.6z\"><\/path><\/svg>\t\t\t\t\t\t<\/span>\n\t\t\t\t\t\t\t\t\t\t<span class=\"elementor-icon-list-text\">TELEF\u00d3N: +421 911 658 093\u202c<\/span>\n\t\t\t\t\t\t\t\t\t\t\t<\/a>\n\t\t\t\t\t\t\t\t\t<\/li>\n\t\t\t\t\t\t\t\t<li class=\"elementor-icon-list-item\">\n\t\t\t\t\t\t\t\t\t\t\t<a href=\"mailto:info@robertjonesphoto.com\">\n\n\t\t\t\t\t\t\t\t\t\t\t\t<span class=\"elementor-icon-list-icon\">\n\t\t\t\t\t\t\t<svg aria-hidden=\"true\" class=\"e-font-icon-svg e-far-envelope\" viewBox=\"0 0 512 512\" xmlns=\"http:\/\/www.w3.org\/2000\/svg\"><path d=\"M464 64H48C21.49 64 0 85.49 0 112v288c0 26.51 21.49 48 48 48h416c26.51 0 48-21.49 48-48V112c0-26.51-21.49-48-48-48zm0 48v40.805c-22.422 18.259-58.168 46.651-134.587 106.49-16.841 13.247-50.201 45.072-73.413 44.701-23.208.375-56.579-31.459-73.413-44.701C106.18 199.465 70.425 171.067 48 152.805V112h416zM48 400V214.398c22.914 18.251 55.409 43.862 104.938 82.646 21.857 17.205 60.134 55.186 103.062 54.955 42.717.231 80.509-37.199 103.053-54.947 49.528-38.783 82.032-64.401 104.947-82.653V400H48z\"><\/path><\/svg>\t\t\t\t\t\t<\/span>\n\t\t\t\t\t\t\t\t\t\t<span class=\"elementor-icon-list-text\">EMAIL: pastrnakart@gmail.com<\/span>\n\t\t\t\t\t\t\t\t\t\t\t<\/a>\n\t\t\t\t\t\t\t\t\t<\/li>\n\t\t\t\t\t\t<\/ul>\n\t\t\t\t\t\t<\/div>\n\t\t\t\t<\/div>\n\t\t\t\t<div class=\"elementor-element elementor-element-521d6c0b elementor-widget-divider--view-line elementor-invisible elementor-widget elementor-widget-divider\" data-id=\"521d6c0b\" data-element_type=\"widget\" data-settings=\"{&quot;_animation&quot;:&quot;fadeIn&quot;,&quot;_animation_delay&quot;:&quot;200&quot;}\" data-widget_type=\"divider.default\">\n\t\t\t\t\t\t\t<div class=\"elementor-divider\">\n\t\t\t<span class=\"elementor-divider-separator\">\n\t\t\t\t\t\t<\/span>\n\t\t<\/div>\n\t\t\t\t\t\t<\/div>\n\t\t\t\t<div class=\"elementor-element elementor-element-6033269d elementor-button-align-end elementor-mobile-button-align-center elementor-widget elementor-widget-form\" data-id=\"6033269d\" data-element_type=\"widget\" data-settings=\"{&quot;step_next_label&quot;:&quot;\\u010eal\\u0161ie&quot;,&quot;step_previous_label&quot;:&quot;Predo\\u0161l\\u00e9&quot;,&quot;button_width&quot;:&quot;100&quot;,&quot;step_type&quot;:&quot;number_text&quot;,&quot;step_icon_shape&quot;:&quot;circle&quot;}\" data-widget_type=\"form.default\">\n\t\t\t\t\t\t\t<form class=\"elementor-form\" method=\"post\" name=\"Z\u00e1ujem zo str\u00e1nky pastrnakart.sk\" aria-label=\"Z\u00e1ujem zo str\u00e1nky pastrnakart.sk\">\n\t\t\t<input type=\"hidden\" name=\"post_id\" value=\"306\"\/>\n\t\t\t<input type=\"hidden\" name=\"form_id\" value=\"6033269d\"\/>\n\t\t\t<input type=\"hidden\" name=\"referer_title\" value=\"Kontakt\" \/>\n\n\t\t\t\t\t\t\t<input type=\"hidden\" name=\"queried_id\" value=\"306\"\/>\n\t\t\t\n\t\t\t<div class=\"elementor-form-fields-wrapper elementor-labels-\">\n\t\t\t\t\t\t\t\t<div class=\"elementor-field-type-text elementor-field-group elementor-column elementor-field-group-name elementor-col-50\">\n\t\t\t\t\t\t\t\t\t\t\t\t<label for=\"form-field-name\" class=\"elementor-field-label elementor-screen-only\">\n\t\t\t\t\t\t\t\tMeno*\t\t\t\t\t\t\t<\/label>\n\t\t\t\t\t\t\t\t\t\t\t\t\t\t<input size=\"1\" type=\"text\" name=\"form_fields[name]\" id=\"form-field-name\" class=\"elementor-field elementor-size-sm  elementor-field-textual\" placeholder=\"Meno*\">\n\t\t\t\t\t\t\t\t\t\t\t<\/div>\n\t\t\t\t\t\t\t\t<div class=\"elementor-field-type-text elementor-field-group elementor-column elementor-field-group-field_3bc0f33 elementor-col-50\">\n\t\t\t\t\t\t\t\t\t\t\t\t<label for=\"form-field-field_3bc0f33\" class=\"elementor-field-label elementor-screen-only\">\n\t\t\t\t\t\t\t\tPriezvisko*\t\t\t\t\t\t\t<\/label>\n\t\t\t\t\t\t\t\t\t\t\t\t\t\t<input size=\"1\" type=\"text\" name=\"form_fields[field_3bc0f33]\" id=\"form-field-field_3bc0f33\" class=\"elementor-field elementor-size-sm  elementor-field-textual\" placeholder=\"Priezvisko*\">\n\t\t\t\t\t\t\t\t\t\t\t<\/div>\n\t\t\t\t\t\t\t\t<div class=\"elementor-field-type-tel elementor-field-group elementor-column elementor-field-group-field_1b6cdab elementor-col-50\">\n\t\t\t\t\t\t\t\t\t\t\t\t<label for=\"form-field-field_1b6cdab\" class=\"elementor-field-label elementor-screen-only\">\n\t\t\t\t\t\t\t\tTelef\u00f3n*\t\t\t\t\t\t\t<\/label>\n\t\t\t\t\t\t\t\t<input size=\"1\" type=\"tel\" name=\"form_fields[field_1b6cdab]\" id=\"form-field-field_1b6cdab\" class=\"elementor-field elementor-size-sm  elementor-field-textual\" placeholder=\"Telef\u00f3n*\" pattern=\"[0-9()#&amp;+*-=.]+\" title=\"Pros\u00ed zad\u00e1vajte iba \u010d\u00edsla alebo tieto znaky #, -, *,\">\n\n\t\t\t\t\t\t<\/div>\n\t\t\t\t\t\t\t\t<div class=\"elementor-field-type-email elementor-field-group elementor-column elementor-field-group-email elementor-col-50 elementor-field-required\">\n\t\t\t\t\t\t\t\t\t\t\t\t<label for=\"form-field-email\" class=\"elementor-field-label elementor-screen-only\">\n\t\t\t\t\t\t\t\tEmail*\t\t\t\t\t\t\t<\/label>\n\t\t\t\t\t\t\t\t\t\t\t\t\t\t<input size=\"1\" type=\"email\" name=\"form_fields[email]\" id=\"form-field-email\" class=\"elementor-field elementor-size-sm  elementor-field-textual\" placeholder=\"Email*\" required=\"required\">\n\t\t\t\t\t\t\t\t\t\t\t<\/div>\n\t\t\t\t\t\t\t\t<div class=\"elementor-field-type-textarea elementor-field-group elementor-column elementor-field-group-message elementor-col-100\">\n\t\t\t\t\t\t\t\t\t\t\t\t<label for=\"form-field-message\" class=\"elementor-field-label elementor-screen-only\">\n\t\t\t\t\t\t\t\tMessage\t\t\t\t\t\t\t<\/label>\n\t\t\t\t\t\t<textarea class=\"elementor-field-textual elementor-field  elementor-size-sm\" name=\"form_fields[message]\" id=\"form-field-message\" rows=\"4\" placeholder=\"Nap\u00ed\u0161te mi, \u010do v\u00e1s oslovilo alebo s \u010d\u00edm by ste potrebovali pom\u00f4c\u0165* \"><\/textarea>\t\t\t\t<\/div>\n\t\t\t\t\t\t\t\t<div class=\"elementor-field-group elementor-column elementor-field-type-submit elementor-col-100 e-form__buttons\">\n\t\t\t\t\t<button class=\"elementor-button elementor-size-sm\" type=\"submit\">\n\t\t\t\t\t\t<span class=\"elementor-button-content-wrapper\">\n\t\t\t\t\t\t\t\t\t\t\t\t\t\t\t\t\t\t\t\t\t\t<span class=\"elementor-button-text\">Posla\u0165 \u27f6<\/span>\n\t\t\t\t\t\t\t\t\t\t\t\t\t<\/span>\n\t\t\t\t\t<\/button>\n\t\t\t\t<\/div>\n\t\t\t<\/div>\n\t\t<\/form>\n\t\t\t\t\t\t<\/div>\n\t\t\t\t<\/div>\n\t\t\t\t<\/div>\n\t\t<div class=\"elementor-element elementor-element-249e0f9b e-flex e-con-boxed e-con e-parent\" data-id=\"249e0f9b\" data-element_type=\"container\" data-settings=\"{&quot;animation&quot;:&quot;none&quot;}\">\n\t\t\t\t\t<div class=\"e-con-inner\">\n\t\t\t\t<div class=\"elementor-element elementor-element-237fd42d gallery-spacing-custom elementor-widget elementor-widget-image-gallery\" data-id=\"237fd42d\" data-element_type=\"widget\" data-widget_type=\"image-gallery.default\">\n\t\t\t\t\t\t\t<div class=\"elementor-image-gallery\">\n\t\t\t<div id='gallery-1' class='gallery galleryid-306 gallery-columns-3 gallery-size-full'><figure class='gallery-item'>\n\t\t\t<div class='gallery-icon portrait'>\n\t\t\t\t<a data-elementor-open-lightbox=\"yes\" data-elementor-lightbox-slideshow=\"237fd42d\" data-elementor-lightbox-title=\"michaela-180\" data-e-action-hash=\"#elementor-action%3Aaction%3Dlightbox%26settings%3DeyJpZCI6NzEsInVybCI6Imh0dHBzOlwvXC93d3cucGFzdHJuYWthcnQuc2tcL3dwLWNvbnRlbnRcL3VwbG9hZHNcLzIwMjVcLzA1XC9taWNoYWVsYS0xODAtc2NhbGVkLmpwZyIsInNsaWRlc2hvdyI6IjIzN2ZkNDJkIn0%3D\" href='https:\/\/www.pastrnakart.sk\/wp-content\/uploads\/2025\/05\/michaela-180-scaled.jpg'><img fetchpriority=\"high\" decoding=\"async\" width=\"1707\" height=\"2560\" src=\"https:\/\/www.pastrnakart.sk\/wp-content\/uploads\/2025\/05\/michaela-180-scaled.jpg\" class=\"attachment-full size-full\" alt=\"\" srcset=\"https:\/\/www.pastrnakart.sk\/wp-content\/uploads\/2025\/05\/michaela-180-scaled.jpg 1707w, https:\/\/www.pastrnakart.sk\/wp-content\/uploads\/2025\/05\/michaela-180-200x300.jpg 200w, https:\/\/www.pastrnakart.sk\/wp-content\/uploads\/2025\/05\/michaela-180-683x1024.jpg 683w, https:\/\/www.pastrnakart.sk\/wp-content\/uploads\/2025\/05\/michaela-180-768x1152.jpg 768w, https:\/\/www.pastrnakart.sk\/wp-content\/uploads\/2025\/05\/michaela-180-1024x1536.jpg 1024w, https:\/\/www.pastrnakart.sk\/wp-content\/uploads\/2025\/05\/michaela-180-1365x2048.jpg 1365w\" sizes=\"100vw\" \/><\/a>\n\t\t\t<\/div><\/figure><figure class='gallery-item'>\n\t\t\t<div class='gallery-icon portrait'>\n\t\t\t\t<a data-elementor-open-lightbox=\"yes\" data-elementor-lightbox-slideshow=\"237fd42d\" data-elementor-lightbox-title=\"Michaela_Pastrnakova_PMart\" data-e-action-hash=\"#elementor-action%3Aaction%3Dlightbox%26settings%3DeyJpZCI6NzYsInVybCI6Imh0dHBzOlwvXC93d3cucGFzdHJuYWthcnQuc2tcL3dwLWNvbnRlbnRcL3VwbG9hZHNcLzIwMjVcLzA1XC9taWNoYWVsYS0xNS1zY2FsZWQuanBnIiwic2xpZGVzaG93IjoiMjM3ZmQ0MmQifQ%3D%3D\" data-elementor-lightbox-description=\"Michaela_Pastrnakova_PMart\" href='https:\/\/www.pastrnakart.sk\/wp-content\/uploads\/2025\/05\/michaela-15-scaled.jpg'><img decoding=\"async\" width=\"1707\" height=\"2560\" src=\"https:\/\/www.pastrnakart.sk\/wp-content\/uploads\/2025\/05\/michaela-15-scaled.jpg\" class=\"attachment-full size-full\" alt=\"Michaela_Pastrnakova_PMart\" aria-describedby=\"gallery-1-76\" srcset=\"https:\/\/www.pastrnakart.sk\/wp-content\/uploads\/2025\/05\/michaela-15-scaled.jpg 1707w, https:\/\/www.pastrnakart.sk\/wp-content\/uploads\/2025\/05\/michaela-15-200x300.jpg 200w, https:\/\/www.pastrnakart.sk\/wp-content\/uploads\/2025\/05\/michaela-15-683x1024.jpg 683w, https:\/\/www.pastrnakart.sk\/wp-content\/uploads\/2025\/05\/michaela-15-768x1152.jpg 768w, https:\/\/www.pastrnakart.sk\/wp-content\/uploads\/2025\/05\/michaela-15-1024x1536.jpg 1024w, https:\/\/www.pastrnakart.sk\/wp-content\/uploads\/2025\/05\/michaela-15-1365x2048.jpg 1365w\" sizes=\"100vw\" \/><\/a>\n\t\t\t<\/div>\n\t\t\t\t<figcaption class='wp-caption-text gallery-caption' id='gallery-1-76'>\n\t\t\t\tMichaela_Pastrnakova_PMart\n\t\t\t\t<\/figcaption><\/figure><figure class='gallery-item'>\n\t\t\t<div class='gallery-icon portrait'>\n\t\t\t\t<a data-elementor-open-lightbox=\"yes\" data-elementor-lightbox-slideshow=\"237fd42d\" data-elementor-lightbox-title=\"Michaela_Pastrnakova_PMart\" data-e-action-hash=\"#elementor-action%3Aaction%3Dlightbox%26settings%3DeyJpZCI6ODMsInVybCI6Imh0dHBzOlwvXC93d3cucGFzdHJuYWthcnQuc2tcL3dwLWNvbnRlbnRcL3VwbG9hZHNcLzIwMjVcLzA1XC9taWNoYWVsYS00NjEtc2NhbGVkLmpwZyIsInNsaWRlc2hvdyI6IjIzN2ZkNDJkIn0%3D\" data-elementor-lightbox-description=\"Michaela_Pastrnakova_PMart\" href='https:\/\/www.pastrnakart.sk\/wp-content\/uploads\/2025\/05\/michaela-461-scaled.jpg'><img decoding=\"async\" width=\"1707\" height=\"2560\" src=\"https:\/\/www.pastrnakart.sk\/wp-content\/uploads\/2025\/05\/michaela-461-scaled.jpg\" class=\"attachment-full size-full\" alt=\"Michaela_Pastrnakova_PMart\" aria-describedby=\"gallery-1-83\" srcset=\"https:\/\/www.pastrnakart.sk\/wp-content\/uploads\/2025\/05\/michaela-461-scaled.jpg 1707w, https:\/\/www.pastrnakart.sk\/wp-content\/uploads\/2025\/05\/michaela-461-200x300.jpg 200w, https:\/\/www.pastrnakart.sk\/wp-content\/uploads\/2025\/05\/michaela-461-683x1024.jpg 683w, https:\/\/www.pastrnakart.sk\/wp-content\/uploads\/2025\/05\/michaela-461-768x1152.jpg 768w, https:\/\/www.pastrnakart.sk\/wp-content\/uploads\/2025\/05\/michaela-461-1024x1536.jpg 1024w, https:\/\/www.pastrnakart.sk\/wp-content\/uploads\/2025\/05\/michaela-461-1365x2048.jpg 1365w\" sizes=\"100vw\" \/><\/a>\n\t\t\t<\/div>\n\t\t\t\t<figcaption class='wp-caption-text gallery-caption' id='gallery-1-83'>\n\t\t\t\tMichaela_Pastrnakova_PMart\n\t\t\t\t<\/figcaption><\/figure><figure class='gallery-item'>\n\t\t\t<div class='gallery-icon landscape'>\n\t\t\t\t<a data-elementor-open-lightbox=\"yes\" data-elementor-lightbox-slideshow=\"237fd42d\" data-elementor-lightbox-title=\"Michaela_Pastrnakova_PMart\" data-e-action-hash=\"#elementor-action%3Aaction%3Dlightbox%26settings%3DeyJpZCI6ODIsInVybCI6Imh0dHBzOlwvXC93d3cucGFzdHJuYWthcnQuc2tcL3dwLWNvbnRlbnRcL3VwbG9hZHNcLzIwMjVcLzA1XC9taWNoYWVsYS01MTctc2NhbGVkLmpwZyIsInNsaWRlc2hvdyI6IjIzN2ZkNDJkIn0%3D\" data-elementor-lightbox-description=\"Michaela_Pastrnakova_PMart\" href='https:\/\/www.pastrnakart.sk\/wp-content\/uploads\/2025\/05\/michaela-517-scaled.jpg'><img loading=\"lazy\" decoding=\"async\" width=\"2560\" height=\"1707\" src=\"https:\/\/www.pastrnakart.sk\/wp-content\/uploads\/2025\/05\/michaela-517-scaled.jpg\" class=\"attachment-full size-full\" alt=\"Michaela_Pastrnakova_PMart\" aria-describedby=\"gallery-1-82\" srcset=\"https:\/\/www.pastrnakart.sk\/wp-content\/uploads\/2025\/05\/michaela-517-scaled.jpg 2560w, https:\/\/www.pastrnakart.sk\/wp-content\/uploads\/2025\/05\/michaela-517-300x200.jpg 300w, https:\/\/www.pastrnakart.sk\/wp-content\/uploads\/2025\/05\/michaela-517-1024x683.jpg 1024w, https:\/\/www.pastrnakart.sk\/wp-content\/uploads\/2025\/05\/michaela-517-768x512.jpg 768w, https:\/\/www.pastrnakart.sk\/wp-content\/uploads\/2025\/05\/michaela-517-1536x1024.jpg 1536w, https:\/\/www.pastrnakart.sk\/wp-content\/uploads\/2025\/05\/michaela-517-2048x1365.jpg 2048w\" sizes=\"100vw\" \/><\/a>\n\t\t\t<\/div>\n\t\t\t\t<figcaption class='wp-caption-text gallery-caption' id='gallery-1-82'>\n\t\t\t\tMichaela_Pastrnakova_PMart\n\t\t\t\t<\/figcaption><\/figure><figure class='gallery-item'>\n\t\t\t<div class='gallery-icon landscape'>\n\t\t\t\t<a data-elementor-open-lightbox=\"yes\" data-elementor-lightbox-slideshow=\"237fd42d\" data-elementor-lightbox-title=\"michaela-448\" data-e-action-hash=\"#elementor-action%3Aaction%3Dlightbox%26settings%3DeyJpZCI6ODYsInVybCI6Imh0dHBzOlwvXC93d3cucGFzdHJuYWthcnQuc2tcL3dwLWNvbnRlbnRcL3VwbG9hZHNcLzIwMjVcLzA1XC9taWNoYWVsYS00NDgtc2NhbGVkLmpwZyIsInNsaWRlc2hvdyI6IjIzN2ZkNDJkIn0%3D\" data-elementor-lightbox-description=\"Michaela_Pastrnakova_PMart\" href='https:\/\/www.pastrnakart.sk\/wp-content\/uploads\/2025\/05\/michaela-448-scaled.jpg'><img loading=\"lazy\" decoding=\"async\" width=\"2560\" height=\"1707\" src=\"https:\/\/www.pastrnakart.sk\/wp-content\/uploads\/2025\/05\/michaela-448-scaled.jpg\" class=\"attachment-full size-full\" alt=\"Michaela_Pastrnakova_PMart\" aria-describedby=\"gallery-1-86\" srcset=\"https:\/\/www.pastrnakart.sk\/wp-content\/uploads\/2025\/05\/michaela-448-scaled.jpg 2560w, https:\/\/www.pastrnakart.sk\/wp-content\/uploads\/2025\/05\/michaela-448-300x200.jpg 300w, https:\/\/www.pastrnakart.sk\/wp-content\/uploads\/2025\/05\/michaela-448-1024x683.jpg 1024w, https:\/\/www.pastrnakart.sk\/wp-content\/uploads\/2025\/05\/michaela-448-768x512.jpg 768w, https:\/\/www.pastrnakart.sk\/wp-content\/uploads\/2025\/05\/michaela-448-1536x1024.jpg 1536w, https:\/\/www.pastrnakart.sk\/wp-content\/uploads\/2025\/05\/michaela-448-2048x1365.jpg 2048w\" sizes=\"100vw\" \/><\/a>\n\t\t\t<\/div>\n\t\t\t\t<figcaption class='wp-caption-text gallery-caption' id='gallery-1-86'>\n\t\t\t\tMichaela_Pastrnakova_PMart\n\t\t\t\t<\/figcaption><\/figure><figure class='gallery-item'>\n\t\t\t<div class='gallery-icon landscape'>\n\t\t\t\t<a data-elementor-open-lightbox=\"yes\" data-elementor-lightbox-slideshow=\"237fd42d\" data-elementor-lightbox-title=\"michaela-360\" data-e-action-hash=\"#elementor-action%3Aaction%3Dlightbox%26settings%3DeyJpZCI6NzMsInVybCI6Imh0dHBzOlwvXC93d3cucGFzdHJuYWthcnQuc2tcL3dwLWNvbnRlbnRcL3VwbG9hZHNcLzIwMjVcLzA1XC9taWNoYWVsYS0zNjAtc2NhbGVkLmpwZyIsInNsaWRlc2hvdyI6IjIzN2ZkNDJkIn0%3D\" data-elementor-lightbox-description=\"Michaela_Pastrnakova_PMart\" href='https:\/\/www.pastrnakart.sk\/wp-content\/uploads\/2025\/05\/michaela-360-scaled.jpg'><img loading=\"lazy\" decoding=\"async\" width=\"2560\" height=\"1707\" src=\"https:\/\/www.pastrnakart.sk\/wp-content\/uploads\/2025\/05\/michaela-360-scaled.jpg\" class=\"attachment-full size-full\" alt=\"\" srcset=\"https:\/\/www.pastrnakart.sk\/wp-content\/uploads\/2025\/05\/michaela-360-scaled.jpg 2560w, https:\/\/www.pastrnakart.sk\/wp-content\/uploads\/2025\/05\/michaela-360-300x200.jpg 300w, https:\/\/www.pastrnakart.sk\/wp-content\/uploads\/2025\/05\/michaela-360-1024x683.jpg 1024w, https:\/\/www.pastrnakart.sk\/wp-content\/uploads\/2025\/05\/michaela-360-768x512.jpg 768w, https:\/\/www.pastrnakart.sk\/wp-content\/uploads\/2025\/05\/michaela-360-1536x1024.jpg 1536w, https:\/\/www.pastrnakart.sk\/wp-content\/uploads\/2025\/05\/michaela-360-2048x1365.jpg 2048w\" sizes=\"100vw\" \/><\/a>\n\t\t\t<\/div><\/figure><figure class='gallery-item'>\n\t\t\t<div class='gallery-icon landscape'>\n\t\t\t\t<a data-elementor-open-lightbox=\"yes\" data-elementor-lightbox-slideshow=\"237fd42d\" data-elementor-lightbox-title=\"michaela-496\" data-e-action-hash=\"#elementor-action%3Aaction%3Dlightbox%26settings%3DeyJpZCI6NzIsInVybCI6Imh0dHBzOlwvXC93d3cucGFzdHJuYWthcnQuc2tcL3dwLWNvbnRlbnRcL3VwbG9hZHNcLzIwMjVcLzA1XC9taWNoYWVsYS00OTYtc2NhbGVkLmpwZyIsInNsaWRlc2hvdyI6IjIzN2ZkNDJkIn0%3D\" data-elementor-lightbox-description=\"Michaela_Pastrnakova_PMart\" href='https:\/\/www.pastrnakart.sk\/wp-content\/uploads\/2025\/05\/michaela-496-scaled.jpg'><img loading=\"lazy\" decoding=\"async\" width=\"2560\" height=\"1707\" src=\"https:\/\/www.pastrnakart.sk\/wp-content\/uploads\/2025\/05\/michaela-496-scaled.jpg\" class=\"attachment-full size-full\" alt=\"\" srcset=\"https:\/\/www.pastrnakart.sk\/wp-content\/uploads\/2025\/05\/michaela-496-scaled.jpg 2560w, https:\/\/www.pastrnakart.sk\/wp-content\/uploads\/2025\/05\/michaela-496-300x200.jpg 300w, https:\/\/www.pastrnakart.sk\/wp-content\/uploads\/2025\/05\/michaela-496-1024x683.jpg 1024w, https:\/\/www.pastrnakart.sk\/wp-content\/uploads\/2025\/05\/michaela-496-768x512.jpg 768w, https:\/\/www.pastrnakart.sk\/wp-content\/uploads\/2025\/05\/michaela-496-1536x1024.jpg 1536w, https:\/\/www.pastrnakart.sk\/wp-content\/uploads\/2025\/05\/michaela-496-2048x1365.jpg 2048w\" sizes=\"100vw\" \/><\/a>\n\t\t\t<\/div><\/figure><figure class='gallery-item'>\n\t\t\t<div class='gallery-icon landscape'>\n\t\t\t\t<a data-elementor-open-lightbox=\"yes\" data-elementor-lightbox-slideshow=\"237fd42d\" data-elementor-lightbox-title=\"Michaela_Pastrnakova_PMart\" data-e-action-hash=\"#elementor-action%3Aaction%3Dlightbox%26settings%3DeyJpZCI6NjAsInVybCI6Imh0dHBzOlwvXC93d3cucGFzdHJuYWthcnQuc2tcL3dwLWNvbnRlbnRcL3VwbG9hZHNcLzIwMjVcLzA1XC9taWNoYWVsYS03LXNjYWxlZC5qcGciLCJzbGlkZXNob3ciOiIyMzdmZDQyZCJ9\" data-elementor-lightbox-description=\"Michaela_Pastrnakova_PMart\" href='https:\/\/www.pastrnakart.sk\/wp-content\/uploads\/2025\/05\/michaela-7-scaled.jpg'><img loading=\"lazy\" decoding=\"async\" width=\"2560\" height=\"1707\" src=\"https:\/\/www.pastrnakart.sk\/wp-content\/uploads\/2025\/05\/michaela-7-scaled.jpg\" class=\"attachment-full size-full\" alt=\"Michaela_Pastrnakova_PMart\" aria-describedby=\"gallery-1-60\" srcset=\"https:\/\/www.pastrnakart.sk\/wp-content\/uploads\/2025\/05\/michaela-7-scaled.jpg 2560w, https:\/\/www.pastrnakart.sk\/wp-content\/uploads\/2025\/05\/michaela-7-300x200.jpg 300w, https:\/\/www.pastrnakart.sk\/wp-content\/uploads\/2025\/05\/michaela-7-1024x683.jpg 1024w, https:\/\/www.pastrnakart.sk\/wp-content\/uploads\/2025\/05\/michaela-7-768x512.jpg 768w, https:\/\/www.pastrnakart.sk\/wp-content\/uploads\/2025\/05\/michaela-7-1536x1024.jpg 1536w, https:\/\/www.pastrnakart.sk\/wp-content\/uploads\/2025\/05\/michaela-7-2048x1365.jpg 2048w\" sizes=\"100vw\" \/><\/a>\n\t\t\t<\/div>\n\t\t\t\t<figcaption class='wp-caption-text gallery-caption' id='gallery-1-60'>\n\t\t\t\tMichaela_Pastrnakova_PMart\n\t\t\t\t<\/figcaption><\/figure><figure class='gallery-item'>\n\t\t\t<div class='gallery-icon landscape'>\n\t\t\t\t<a data-elementor-open-lightbox=\"yes\" data-elementor-lightbox-slideshow=\"237fd42d\" data-elementor-lightbox-title=\"michaela-194\" data-e-action-hash=\"#elementor-action%3Aaction%3Dlightbox%26settings%3DeyJpZCI6NzQsInVybCI6Imh0dHBzOlwvXC93d3cucGFzdHJuYWthcnQuc2tcL3dwLWNvbnRlbnRcL3VwbG9hZHNcLzIwMjVcLzA1XC9taWNoYWVsYS0xOTQtc2NhbGVkLmpwZyIsInNsaWRlc2hvdyI6IjIzN2ZkNDJkIn0%3D\" data-elementor-lightbox-description=\"Michaela_Pastrnakova_PMart\" href='https:\/\/www.pastrnakart.sk\/wp-content\/uploads\/2025\/05\/michaela-194-scaled.jpg'><img loading=\"lazy\" decoding=\"async\" width=\"2560\" height=\"1707\" src=\"https:\/\/www.pastrnakart.sk\/wp-content\/uploads\/2025\/05\/michaela-194-scaled.jpg\" class=\"attachment-full size-full\" alt=\"\" srcset=\"https:\/\/www.pastrnakart.sk\/wp-content\/uploads\/2025\/05\/michaela-194-scaled.jpg 2560w, https:\/\/www.pastrnakart.sk\/wp-content\/uploads\/2025\/05\/michaela-194-300x200.jpg 300w, https:\/\/www.pastrnakart.sk\/wp-content\/uploads\/2025\/05\/michaela-194-1024x683.jpg 1024w, https:\/\/www.pastrnakart.sk\/wp-content\/uploads\/2025\/05\/michaela-194-768x512.jpg 768w, https:\/\/www.pastrnakart.sk\/wp-content\/uploads\/2025\/05\/michaela-194-1536x1024.jpg 1536w, https:\/\/www.pastrnakart.sk\/wp-content\/uploads\/2025\/05\/michaela-194-2048x1365.jpg 2048w\" sizes=\"100vw\" \/><\/a>\n\t\t\t<\/div><\/figure>\n\t\t<\/div>\n\t\t<\/div>\n\t\t\t\t\t\t<\/div>\n\t\t\t\t<div class=\"elementor-element elementor-element-1e83bed elementor-align-center elementor-tablet-align-center elementor-mobile-align-center elementor-widget elementor-widget-button\" data-id=\"1e83bed\" data-element_type=\"widget\" data-widget_type=\"button.default\">\n\t\t\t\t\t\t\t\t\t\t<a class=\"elementor-button elementor-button-link elementor-size-sm\" href=\"https:\/\/www.pastrnakart.sk\/\">\n\t\t\t\t\t\t<span class=\"elementor-button-content-wrapper\">\n\t\t\t\t\t\t\t\t\t<span class=\"elementor-button-text\">Sp\u00e4\u0165 na str\u00e1nku<\/span>\n\t\t\t\t\t<\/span>\n\t\t\t\t\t<\/a>\n\t\t\t\t\t\t\t\t<\/div>\n\t\t\t\t\t<\/div>\n\t\t\t\t<\/div>\n\t\t\t\t<\/div>\n\t\t","protected":false},"excerpt":{"rendered":"<p>rada sa o v\u00e1s dozviem viac Ak v\u00e1s zaujalo nie\u010do z mojej tvorby alebo by ste radi nadviazali spolupr\u00e1cu, nev\u00e1hajte ma kontaktova\u0165. Nikdy nevieme, \u010do z toho vznikne, pr\u00edpadne si d\u00e1me spolu pr\u00edjemn\u00fa k\u00e1vi\u010dku.\u00a0 TELEF\u00d3N: +421 911 658 093\u202c EMAIL: pastrnakart@gmail.com Michaela_Pastrnakova_PMart Michaela_Pastrnakova_PMart Michaela_Pastrnakova_PMart Michaela_Pastrnakova_PMart Michaela_Pastrnakova_PMart Sp\u00e4\u0165 na str\u00e1nku<\/p>\n","protected":false},"author":1,"featured_media":312,"parent":0,"menu_order":0,"comment_status":"closed","ping_status":"closed","template":"elementor_header_footer","meta":{"footnotes":""},"class_list":["post-306","page","type-page","status-publish","has-post-thumbnail","hentry"],"_links":{"self":[{"href":"https:\/\/www.pastrnakart.sk\/index.php\/wp-json\/wp\/v2\/pages\/306","targetHints":{"allow":["GET"]}}],"collection":[{"href":"https:\/\/www.pastrnakart.sk\/index.php\/wp-json\/wp\/v2\/pages"}],"about":[{"href":"https:\/\/www.pastrnakart.sk\/index.php\/wp-json\/wp\/v2\/types\/page"}],"author":[{"embeddable":true,"href":"https:\/\/www.pastrnakart.sk\/index.php\/wp-json\/wp\/v2\/users\/1"}],"replies":[{"embeddable":true,"href":"https:\/\/www.pastrnakart.sk\/index.php\/wp-json\/wp\/v2\/comments?post=306"}],"version-history":[{"count":53,"href":"https:\/\/www.pastrnakart.sk\/index.php\/wp-json\/wp\/v2\/pages\/306\/revisions"}],"predecessor-version":[{"id":988,"href":"https:\/\/www.pastrnakart.sk\/index.php\/wp-json\/wp\/v2\/pages\/306\/revisions\/988"}],"wp:featuredmedia":[{"embeddable":true,"href":"https:\/\/www.pastrnakart.sk\/index.php\/wp-json\/wp\/v2\/media\/312"}],"wp:attachment":[{"href":"https:\/\/www.pastrnakart.sk\/index.php\/wp-json\/wp\/v2\/media?parent=306"}],"curies":[{"name":"wp","href":"https:\/\/api.w.org\/{rel}","templated":true}]}}